{"id":699,"date":"2025-10-14T16:24:22","date_gmt":"2025-10-14T16:24:22","guid":{"rendered":"https:\/\/vstg.vn\/?page_id=699"},"modified":"2026-01-28T15:04:48","modified_gmt":"2026-01-28T15:04:48","slug":"hop-tac-lien-ket","status":"publish","type":"page","link":"https:\/\/vstg.vn\/vi\/hop-tac-lien-ket\/","title":{"rendered":"H\u1ee3p t\u00e1c &#038; Li\u00ean k\u1ebft"},"content":{"rendered":"<div class=\"banner has-hover\" id=\"banner-2016223350\">\n          <div class=\"banner-inner fill\">\n        <div class=\"banner-bg fill\" >\n            <div class=\"bg fill bg-fill\"><\/div>\n                                    \n                    <\/div>\n\t\t\n        <div class=\"banner-layers container\">\n            <div class=\"fill banner-link\"><\/div>            \n\n   <div id=\"text-box-18100508\" class=\"text-box banner-layer x50 md-x50 lg-x50 y50 md-y50 lg-y50 res-text\">\n                                <div class=\"text-box-content text dark\">\n              \n              <div class=\"text-inner text-center\">\n                  \n\n\n              <\/div>\n           <\/div>\n                            \n<style>\n#text-box-18100508 {\n  width: 60%;\n}\n#text-box-18100508 .text-box-content {\n  font-size: 100%;\n}\n@media (min-width:550px) {\n  #text-box-18100508 {\n    width: 60%;\n  }\n}\n<\/style>\n    <\/div>\n \n\n        <\/div>\n      <\/div>\n\n            \n<style>\n#banner-2016223350 {\n  padding-top: 266px;\n}\n#banner-2016223350 .bg.bg-loaded {\n  background-image: url(https:\/\/vstg.vn\/wp-content\/uploads\/2025\/10\/pccc-hoa-mai-banner-pages.jpg-1400x196.webp);\n}\n<\/style>\n  <\/div>\n\n\n\t<section class=\"section\" id=\"section_985689905\">\n\t\t<div class=\"bg section-bg fill bg-fill  bg-loaded\" >\n\n\t\t\t\n\t\t\t\n\t\t\t\n\n\t\t<\/div>\n\n\t\t\n\n\t\t<div class=\"section-content relative\">\n\t\t\t\n\n<div class=\"row\"  id=\"row-26566723\">\n\n\n\t<div id=\"col-1568963666\" class=\"col medium-3 small-12 large-3\"  >\n\t\t\t\t<div class=\"col-inner\"  >\n\t\t\t\n\t\t\t\n\n<div class=\"container section-title-container\" ><h3 class=\"section-title section-title-normal\"><b><\/b><span class=\"section-title-main\" >H\u1ed7 tr\u1ee3 kh\u00e1ch h\u00e0ng<\/span><b><\/b><\/h3><\/div>\n\n\n\n<div style=\"font-family: Arial, sans-serif; color:#333;\">\n  <style>\n    .footer-link-wrapper {\n      max-width: 400px;\n      margin: auto;\n      font-size: 16px;\n      line-height: 1.8;\n    }\n    .footer-link-group {\n      margin-bottom: 20px;\n    }\n    .footer-link-group h4 {\n      font-size: 16px;\n      font-weight: bold;\n      text-transform: uppercase;\n      margin-bottom: 10px;\n      color: #000;\n    }\n    .footer-link-group ul {\n      list-style: none;\n      margin: 0;\n      padding: 0;\n    }\n    .footer-link-group li {\n      border-bottom: 1px solid #ddd;\n      margin: 0;\n      padding: 0;\n    }\n    .footer-link-group a {\n      text-decoration: none;\n      color: #333;\n      display: block;\n      padding: 8px 0;\n      transition: color 0.2s ease;\n    }\n    .footer-link-group a:hover {\n      color: #0073aa;\n    }\n    .footer-separator {\n      border: 0;\n      border-top: 1px solid #ddd;\n      margin: 20px 0;\n    }\n\n    \/* Responsive *\/\n    @media (max-width: 768px) {\n      .footer-link-wrapper {\n        max-width: 100%;\n        padding: 0 15px;\n        font-size: 15px;\n      }\n      .footer-link-group h4 {\n        font-size: 15px;\n      }\n    }\n  <\/style>\n\n  <div class=\"footer-link-wrapper\">\n    <div class=\"footer-link-group\">\n      <h4>Gi\u1edbi thi\u1ec7u<\/h4>\n      <ul>\n        <li><a href=\"https:\/\/vstg.vn\/vi\/gioi-thieu\/\">\u203a V\u1ec1 VSTG<\/a><\/li>\n        <li><a href=\"https:\/\/vstg.vn\/vi\/chinh-sach-bao-mat-2\/\">\u203a Ch\u00ednh s\u00e1ch b\u1ea3o m\u1eadt<\/a><\/li>\n        <li><a href=\"https:\/\/vstg.vn\/vi\/lien-he\/\">\u203a Th\u00f4ng tin li\u00ean h\u1ec7<\/a><\/li>\n        <li><a href=\"https:\/\/vstg.vn\/vi\/dieu-khoan-dich-vu\/\">\u203a \u0110i\u1ec1u kho\u1ea3n d\u1ecbch v\u1ee5<\/a><\/li>\n      <\/ul>\n    <\/div>\n\n    <hr class=\"footer-separator\">\n\n    <div class=\"footer-link-group\">\n      <h4>Th\u00f4ng tin<\/h4>\n      <ul>\n        <li><a href=\"https:\/\/vstg.vn\/vi\/quy-dinh-su-dung\/\">\u203a Quy \u0111\u1ecbnh s\u1eed d\u1ee5ng<\/a><\/li>\n        <li><a href=\"https:\/\/vstg.vn\/vi\/chinh-sach-bao-hanh\/\">\u203a Ch\u00ednh s\u00e1ch b\u1ea3o h\u00e0nh<\/a><\/li>\n        <li><a href=\"https:\/\/vstg.vn\/vi\/chinh-sach-van-chuyen\/\">\u203a Ch\u00ednh s\u00e1ch v\u1eadn chuy\u1ec3n<\/a><\/li>\n        <li><a href=\"https:\/\/vstg.vn\/vi\/doi-tra-hang-hoa\/\">\u203a \u0110\u1ed5i tr\u1ea3 h\u00e0ng h\u00f3a<\/a><\/li>\n        <li><a href=\"https:\/\/vstg.vn\/vi\/ho-tro-thanh-toan\/\">\u203a H\u1ed7 tr\u1ee3 thanh to\u00e1n<\/a><\/li>\n        <li><a href=\"https:\/\/vstg.vn\/vi\/hop-tac-lien-ket\/\">\u203a H\u1ee3p t\u00e1c &#038; Li\u00ean k\u1ebft<\/a><\/li>\n        <li><a href=\"#\">\u203a C\u00e2u h\u1ecfi th\u01b0\u1eddng g\u1eb7p<\/a><\/li>\n      <\/ul>\n    <\/div>\n  <\/div>\n<\/div>\n\n\n\t\t<\/div>\n\t\t\t\t\t<\/div>\n\n\t\n\n\t<div id=\"col-1977210893\" class=\"col medium-9 small-12 large-9\"  >\n\t\t\t\t<div class=\"col-inner\" style=\"background-color:rgb(255, 255, 255);\" >\n\t\t\t\n\t\t\t\n\n\t<div id=\"text-511922038\" class=\"text\">\n\t\t\n\n<h1>H\u1ee3p t\u00e1c &amp; Li\u00ean k\u1ebft<\/h1>\n<hr \/>\n<p>N\u1ed9i dung \u0111ang c\u1eadp nh\u1eadt\u2026<\/p>\n<h3>Li\u00ean h\u1ec7 H\u1ee3p t\u00e1c<\/h3>\n<hr \/>\n<h4><span data-text-color=\"secondary\">T\u1eacP \u0110O\u00c0N C\u00d4NG NGH\u1ec6 AN TO\u00c0N VI\u1ec6T NAM\u00a0<\/span><\/h4>\n<p>\u0110i\u1ec7n tho\u1ea1i:\u00a0<a href=\"tel:0988106106\">0988 106 106<\/a><br \/>Email:\u00a0<a href=\"mailto:vstg.contact@gmail.com\">vstg.contact@gmail.com<\/a><br \/>\u0110\u1ecba ch\u1ec9: <span style=\"font-size: 14.4px;\">H73-H74 KDC Th\u1edbi An, \u0111\u01b0\u1eddng L\u00ea Th\u1ecb Ri\u00eang, Ph\u01b0\u1eddng Th\u1edbi An, TP. H\u1ed3 Ch\u00ed Minh, Vi\u1ec7t Nam<\/span><\/p>\n\t\t\n<style>\n#text-511922038 {\n  color: rgb(0,0,0);\n}\n#text-511922038 > * {\n  color: rgb(0,0,0);\n}\n<\/style>\n\t<\/div>\n\t\n\n\t\t<\/div>\n\t\t\t\t\n<style>\n#col-1977210893 > .col-inner {\n  padding: 20px 20px 20px 20px;\n}\n<\/style>\n\t<\/div>\n\n\t\n\n<\/div>\n\n\t\t<\/div>\n\n\t\t\n<style>\n#section_985689905 {\n  padding-top: 30px;\n  padding-bottom: 30px;\n}\n<\/style>\n\t<\/section>","protected":false},"excerpt":{"rendered":"","protected":false},"author":1,"featured_media":18,"parent":0,"menu_order":0,"comment_status":"closed","ping_status":"closed","template":"page-blank.php","meta":{"footnotes":""},"class_list":["post-699","page","type-page","status-publish","has-post-thumbnail","hentry"],"_links":{"self":[{"href":"https:\/\/vstg.vn\/vi\/wp-json\/wp\/v2\/pages\/699","targetHints":{"allow":["GET"]}}],"collection":[{"href":"https:\/\/vstg.vn\/vi\/wp-json\/wp\/v2\/pages"}],"about":[{"href":"https:\/\/vstg.vn\/vi\/wp-json\/wp\/v2\/types\/page"}],"author":[{"embeddable":true,"href":"https:\/\/vstg.vn\/vi\/wp-json\/wp\/v2\/users\/1"}],"replies":[{"embeddable":true,"href":"https:\/\/vstg.vn\/vi\/wp-json\/wp\/v2\/comments?post=699"}],"version-history":[{"count":10,"href":"https:\/\/vstg.vn\/vi\/wp-json\/wp\/v2\/pages\/699\/revisions"}],"predecessor-version":[{"id":1403,"href":"https:\/\/vstg.vn\/vi\/wp-json\/wp\/v2\/pages\/699\/revisions\/1403"}],"wp:featuredmedia":[{"embeddable":true,"href":"https:\/\/vstg.vn\/vi\/wp-json\/wp\/v2\/media\/18"}],"wp:attachment":[{"href":"https:\/\/vstg.vn\/vi\/wp-json\/wp\/v2\/media?parent=699"}],"curies":[{"name":"wp","href":"https:\/\/api.w.org\/{rel}","templated":true}]}}