{"id":1343,"date":"2025-10-22T08:32:50","date_gmt":"2025-10-22T08:32:50","guid":{"rendered":"https:\/\/vstg.vn\/?post_type=product&#038;p=1343"},"modified":"2025-10-22T08:33:08","modified_gmt":"2025-10-22T08:33:08","slug":"binh-khi-co2-mt5-mec83-vn-co-kiem-dinh","status":"publish","type":"product","link":"https:\/\/vstg.vn\/vi\/san-pham\/binh-khi-co2-mt5-mec83-vn-co-kiem-dinh\/","title":{"rendered":"B\u00ecnh Kh\u00ed CO2 MT5 Mec83 VN C\u00f3 Ki\u1ec3m \u0110\u1ecbnh"},"content":{"rendered":"<p>H\u00e0ng s\u1eb5n kho. Li\u00ean h\u1ec7 \u0111\u1ec3 \u0111\u01b0\u1ee3c c\u1eadp nh\u1eadt gi\u00e1 m\u1edbi nh\u1ea5t.<\/p>","protected":false},"excerpt":{"rendered":"<p>H\u00e0ng s\u1eb5n kho. Li\u00ean h\u1ec7 \u0111\u1ec3 \u0111\u01b0\u1ee3c c\u1eadp nh\u1eadt gi\u00e1 m\u1edbi nh\u1ea5t.<\/p>","protected":false},"featured_media":1338,"comment_status":"open","ping_status":"closed","template":"","meta":[],"product_brand":[],"product_cat":[72,90,88],"product_tag":[],"class_list":{"0":"post-1343","1":"product","2":"type-product","3":"status-publish","4":"has-post-thumbnail","6":"product_cat-binh-chua-chay","7":"product_cat-binh-chua-chay-khi","8":"product_cat-binh-chua-chay-mec83-bqp","10":"first","11":"instock","12":"shipping-taxable","13":"product-type-simple"},"_links":{"self":[{"href":"https:\/\/vstg.vn\/vi\/wp-json\/wp\/v2\/product\/1343","targetHints":{"allow":["GET"]}}],"collection":[{"href":"https:\/\/vstg.vn\/vi\/wp-json\/wp\/v2\/product"}],"about":[{"href":"https:\/\/vstg.vn\/vi\/wp-json\/wp\/v2\/types\/product"}],"replies":[{"embeddable":true,"href":"https:\/\/vstg.vn\/vi\/wp-json\/wp\/v2\/comments?post=1343"}],"wp:featuredmedia":[{"embeddable":true,"href":"https:\/\/vstg.vn\/vi\/wp-json\/wp\/v2\/media\/1338"}],"wp:attachment":[{"href":"https:\/\/vstg.vn\/vi\/wp-json\/wp\/v2\/media?parent=1343"}],"wp:term":[{"taxonomy":"product_brand","embeddable":true,"href":"https:\/\/vstg.vn\/vi\/wp-json\/wp\/v2\/product_brand?post=1343"},{"taxonomy":"product_cat","embeddable":true,"href":"https:\/\/vstg.vn\/vi\/wp-json\/wp\/v2\/product_cat?post=1343"},{"taxonomy":"product_tag","embeddable":true,"href":"https:\/\/vstg.vn\/vi\/wp-json\/wp\/v2\/product_tag?post=1343"}],"curies":[{"name":"wp","href":"https:\/\/api.w.org\/{rel}","templated":true}]}}