{"id":621,"date":"2025-10-14T11:34:46","date_gmt":"2025-10-14T11:34:46","guid":{"rendered":"https:\/\/vstg.vn\/?post_type=product&#038;p=621"},"modified":"2025-10-22T08:59:07","modified_gmt":"2025-10-22T08:59:07","slug":"chuong-den-bao-chay-safefire-model-hm2wd-w","status":"publish","type":"product","link":"https:\/\/vstg.vn\/vi\/san-pham\/chuong-den-bao-chay-safefire-model-hm2wd-w\/","title":{"rendered":"B\u00e1o Kh\u00f3i Hai D\u00e2y Dahua C\u00f3 Ki\u1ec3m \u0110\u1ecbnh"},"content":{"rendered":"<p>H\u00e0ng s\u1eb5n kho. Li\u00ean h\u1ec7 \u0111\u1ec3 \u0111\u01b0\u1ee3c c\u1eadp nh\u1eadt gi\u00e1 m\u1edbi nh\u1ea5t.<\/p>","protected":false},"excerpt":{"rendered":"<p>H\u00e0ng s\u1eb5n kho. Li\u00ean h\u1ec7 \u0111\u1ec3 \u0111\u01b0\u1ee3c c\u1eadp nh\u1eadt gi\u00e1 m\u1edbi nh\u1ea5t.<\/p>","protected":false},"featured_media":1345,"comment_status":"open","ping_status":"closed","template":"","meta":[],"product_brand":[],"product_cat":[76],"product_tag":[],"class_list":{"0":"post-621","1":"product","2":"type-product","3":"status-publish","4":"has-post-thumbnail","6":"product_cat-dau-bao-chay","8":"first","9":"instock","10":"shipping-taxable","11":"product-type-simple"},"_links":{"self":[{"href":"https:\/\/vstg.vn\/vi\/wp-json\/wp\/v2\/product\/621","targetHints":{"allow":["GET"]}}],"collection":[{"href":"https:\/\/vstg.vn\/vi\/wp-json\/wp\/v2\/product"}],"about":[{"href":"https:\/\/vstg.vn\/vi\/wp-json\/wp\/v2\/types\/product"}],"replies":[{"embeddable":true,"href":"https:\/\/vstg.vn\/vi\/wp-json\/wp\/v2\/comments?post=621"}],"wp:featuredmedia":[{"embeddable":true,"href":"https:\/\/vstg.vn\/vi\/wp-json\/wp\/v2\/media\/1345"}],"wp:attachment":[{"href":"https:\/\/vstg.vn\/vi\/wp-json\/wp\/v2\/media?parent=621"}],"wp:term":[{"taxonomy":"product_brand","embeddable":true,"href":"https:\/\/vstg.vn\/vi\/wp-json\/wp\/v2\/product_brand?post=621"},{"taxonomy":"product_cat","embeddable":true,"href":"https:\/\/vstg.vn\/vi\/wp-json\/wp\/v2\/product_cat?post=621"},{"taxonomy":"product_tag","embeddable":true,"href":"https:\/\/vstg.vn\/vi\/wp-json\/wp\/v2\/product_tag?post=621"}],"curies":[{"name":"wp","href":"https:\/\/api.w.org\/{rel}","templated":true}]}}