{"id":871,"date":"2025-10-15T06:34:55","date_gmt":"2025-10-15T06:34:55","guid":{"rendered":"https:\/\/vstg.vn\/?post_type=product&#038;p=871"},"modified":"2025-10-15T06:34:55","modified_gmt":"2025-10-15T06:34:55","slug":"bong-chua-chay-afo-13kg","status":"publish","type":"product","link":"https:\/\/vstg.vn\/vi\/san-pham\/bong-chua-chay-afo-13kg\/","title":{"rendered":"B\u00f3ng ch\u1eefa ch\u00e1y AFO-1,3kg"},"content":{"rendered":"<div>\n<h2>? B\u00d3NG CH\u1eeeA CH\u00c1Y AFO 1,3KG \u2013 GI\u1ea2I PH\u00c1P PCCC HI\u1ec6U QU\u1ea2, AN TO\u00c0N, TI\u1ec6N L\u1ee2I ?<\/h2>\n<\/div>\n<p>B\u00f3ng ch\u1eefa ch\u00e1y\u00a0<strong>AFO 1,3kg<\/strong>\u00a0l\u00e0 thi\u1ebft b\u1ecb ph\u00f2ng ch\u00e1y ch\u1eefa ch\u00e1y th\u00f4ng minh, hi\u1ec7n \u0111\u1ea1i v\u00e0 d\u1ec5 s\u1eed d\u1ee5ng.<br \/>\nV\u1edbi thi\u1ebft k\u1ebf g\u1ecdn nh\u1eb9, b\u00f3ng c\u1ee9u h\u1ecfa c\u00f3 kh\u1ea3 n\u0103ng d\u1eadp t\u1eaft \u0111\u00e1m ch\u00e1y m\u1ed9t c\u00e1ch\u00a0<strong>t\u1ef1 \u0111\u1ed9ng<\/strong>\u00a0ch\u1ec9 sau 3\u20135 gi\u00e2y khi ti\u1ebfp x\u00fac v\u1edbi l\u1eeda.<br \/>\n\u0110\u00e2y l\u00e0 l\u1ef1a ch\u1ecdn ho\u00e0n h\u1ea3o thay th\u1ebf cho b\u00ecnh ch\u1eefa ch\u00e1y truy\u1ec1n th\u1ed1ng trong nhi\u1ec1u t\u00ecnh hu\u1ed1ng, mang l\u1ea1i s\u1ef1 an to\u00e0n tuy\u1ec7t \u0111\u1ed1i cho gia \u0111\u00ecnh v\u00e0 doanh nghi\u1ec7p.<\/p>\n<h3>? C\u00e1ch s\u1eed d\u1ee5ng \u0111\u01a1n gi\u1ea3n:<\/h3>\n<ul>\n<li style=\"list-style-type: none;\">\n<ul>?<\/ul>\n<\/li>\n<\/ul>\n<p><strong>N\u00e9m tr\u1ef1c ti\u1ebfp<\/strong><\/p>\n<ul>\n<li style=\"list-style-type: none;\">\n<ul>\u00a0v\u00e0o \u0111\u00e1m ch\u00e1y, b\u00f3ng s\u1ebd ph\u00e1t n\u1ed5 v\u00e0 phun b\u1ed9t ch\u1eefa ch\u00e1y.<\/ul>\n<\/li>\n<\/ul>\n<p>&nbsp;<\/p>\n<ul>\n<li style=\"list-style-type: none;\">\n<ul>? Ho\u1eb7c<\/ul>\n<\/li>\n<\/ul>\n<p><strong>\u0111\u1eb7t \u1edf n\u01a1i c\u00f3 nguy c\u01a1 ch\u00e1y<\/strong><\/p>\n<ul>\n<li style=\"list-style-type: none;\">\n<ul>\u00a0(b\u1ebfp, kho h\u00e0ng, tr\u1ea1m \u0111i\u1ec7n\u2026), b\u00f3ng s\u1ebd t\u1ef1 \u0111\u1ed9ng k\u00edch ho\u1ea1t khi g\u1eb7p l\u1eeda.<\/ul>\n<\/li>\n<\/ul>\n<p>&nbsp;<\/p>\n<ul>\n<li style=\"list-style-type: none;\">\n<ul>\u23f1 Th\u1eddi gian k\u00edch ho\u1ea1t: ch\u1ec9<\/ul>\n<\/li>\n<\/ul>\n<p><strong>3\u20135 gi\u00e2y<\/strong><\/p>\n<ul>.<\/ul>\n<h3>\u2728 \u01afu \u0111i\u1ec3m v\u01b0\u1ee3t tr\u1ed9i c\u1ee7a b\u00f3ng c\u1ee9u h\u1ecfa AFO:<\/h3>\n<ul>\n<li style=\"list-style-type: none;\">\n<ul>\u2714 D\u1eadp t\u1eaft \u0111\u00e1m ch\u00e1y nhanh ch\u00f3ng, an to\u00e0n, kh\u00f4ng g\u00e2y nguy hi\u1ec3m cho ng\u01b0\u1eddi s\u1eed d\u1ee5ng.<\/ul>\n<\/li>\n<\/ul>\n<p>&nbsp;<\/p>\n<ul>\n<li style=\"list-style-type: none;\">\n<ul>\u2714<\/ul>\n<\/li>\n<\/ul>\n<p><strong>Kh\u00f4ng c\u1ea7n b\u1ea3o tr\u00ec, b\u1ea3o d\u01b0\u1ee1ng<\/strong><\/p>\n<ul>\n<li style=\"list-style-type: none;\">\n<ul>\u00a0\u2013 ti\u1ebft ki\u1ec7m chi ph\u00ed l\u00e2u d\u00e0i.<\/ul>\n<\/li>\n<\/ul>\n<p>&nbsp;<\/p>\n<ul>\n<li style=\"list-style-type: none;\">\n<ul>\u2714 Thi\u1ebft k\u1ebf<\/ul>\n<\/li>\n<\/ul>\n<p><strong>nh\u1ecf g\u1ecdn \u2013 tr\u1ecdng l\u01b0\u1ee3ng ch\u1ec9 1,3kg<\/strong><\/p>\n<ul>\n<li style=\"list-style-type: none;\">\n<ul>, d\u1ec5 d\u00e0ng c\u1ea7m tay, ph\u00f9 h\u1ee3p cho c\u1ea3 ph\u1ee5 n\u1eef v\u00e0 ng\u01b0\u1eddi l\u1edbn tu\u1ed5i.<\/ul>\n<\/li>\n<\/ul>\n<p>&nbsp;<\/p>\n<ul>\n<li style=\"list-style-type: none;\">\n<ul>\u2714 C\u00f3 gi\u00e1 \u0111\u1ee1 \u0111i k\u00e8m, thu\u1eadn ti\u1ec7n l\u1eafp \u0111\u1eb7t \u1edf nhi\u1ec1u v\u1ecb tr\u00ed.<\/ul>\n<\/li>\n<\/ul>\n<p>&nbsp;<\/p>\n<ul>\n<li style=\"list-style-type: none;\">\n<ul>\u2714 \u1ee8ng d\u1ee5ng r\u1ed9ng r\u00e3i trong<\/ul>\n<\/li>\n<\/ul>\n<p><strong>gia \u0111\u00ecnh, v\u0103n ph\u00f2ng, nh\u00e0 x\u01b0\u1edfng, nh\u00e0 b\u1ebfp, tr\u1ea1m x\u0103ng, kh\u00e1ch s\u1ea1n\u2026<\/strong><\/p>\n<h3>? Th\u00f4ng s\u1ed1 k\u1ef9 thu\u1eadt:<\/h3>\n<table>\n<tbody>\n<tr>\n<td><strong>Tr\u1ecdng l\u01b0\u1ee3ng<\/strong><\/td>\n<td>1,3 kg<\/td>\n<\/tr>\n<tr>\n<td><strong>K\u00edch th\u01b0\u1edbc<\/strong><\/td>\n<td>\u0110\u01b0\u1eddng k\u00ednh 140mm<\/td>\n<\/tr>\n<tr>\n<td><strong>Th\u1eddi gian k\u00edch ho\u1ea1t<\/strong><\/td>\n<td>3 \u2013 5 gi\u00e2y khi g\u1eb7p l\u1eeda<\/td>\n<\/tr>\n<tr>\n<td><strong>Ph\u1ee5 ki\u1ec7n<\/strong><\/td>\n<td>Gi\u00e1 \u0111\u1ee1 \u0111i k\u00e8m<\/td>\n<\/tr>\n<\/tbody>\n<\/table>\n<div>\n<p>? H\u00e3y trang b\u1ecb ngay b\u00f3ng ch\u1eefa ch\u00e1y AFO \u0111\u1ec3 b\u1ea3o v\u1ec7 an to\u00e0n cho ng\u00f4i nh\u00e0 v\u00e0 doanh nghi\u1ec7p c\u1ee7a b\u1ea1n!<\/p>\n<\/div>","protected":false},"excerpt":{"rendered":"<p>?Kh\u00f4ng c\u1ea7n l\u1eafp \u0111\u1eb7t ph\u1ee9c t\u1ea1p<br \/>\n?Kh\u00f4ng c\u1ea7n b\u1ea3o d\u01b0\u1ee1ng<br \/>\n?S\u1eed d\u1ee5ng d\u1ec5 d\u00e0ng \u2013 ti\u1ec7n l\u1ee3i<br \/>\n?Thi\u1ebft k\u1ebf nh\u1ecf g\u1ecdn<\/p>","protected":false},"featured_media":876,"comment_status":"open","ping_status":"closed","template":"","meta":[],"product_brand":[],"product_cat":[72,92],"product_tag":[],"class_list":{"0":"post-871","1":"product","2":"type-product","3":"status-publish","4":"has-post-thumbnail","6":"product_cat-binh-chua-chay","7":"product_cat-bong-chua-chay","9":"first","10":"instock","11":"shipping-taxable","12":"product-type-simple"},"_links":{"self":[{"href":"https:\/\/vstg.vn\/vi\/wp-json\/wp\/v2\/product\/871","targetHints":{"allow":["GET"]}}],"collection":[{"href":"https:\/\/vstg.vn\/vi\/wp-json\/wp\/v2\/product"}],"about":[{"href":"https:\/\/vstg.vn\/vi\/wp-json\/wp\/v2\/types\/product"}],"replies":[{"embeddable":true,"href":"https:\/\/vstg.vn\/vi\/wp-json\/wp\/v2\/comments?post=871"}],"wp:featuredmedia":[{"embeddable":true,"href":"https:\/\/vstg.vn\/vi\/wp-json\/wp\/v2\/media\/876"}],"wp:attachment":[{"href":"https:\/\/vstg.vn\/vi\/wp-json\/wp\/v2\/media?parent=871"}],"wp:term":[{"taxonomy":"product_brand","embeddable":true,"href":"https:\/\/vstg.vn\/vi\/wp-json\/wp\/v2\/product_brand?post=871"},{"taxonomy":"product_cat","embeddable":true,"href":"https:\/\/vstg.vn\/vi\/wp-json\/wp\/v2\/product_cat?post=871"},{"taxonomy":"product_tag","embeddable":true,"href":"https:\/\/vstg.vn\/vi\/wp-json\/wp\/v2\/product_tag?post=871"}],"curies":[{"name":"wp","href":"https:\/\/api.w.org\/{rel}","templated":true}]}}