{"id":886,"date":"2025-10-15T06:39:57","date_gmt":"2025-10-15T06:39:57","guid":{"rendered":"https:\/\/vstg.vn\/?post_type=product&#038;p=886"},"modified":"2025-10-15T06:39:58","modified_gmt":"2025-10-15T06:39:58","slug":"thang-day-thoat-hiem-chiu-nhiet-cao-dai-20m-kem-moc","status":"publish","type":"product","link":"https:\/\/vstg.vn\/vi\/san-pham\/thang-day-thoat-hiem-chiu-nhiet-cao-dai-20m-kem-moc\/","title":{"rendered":"Thang d\u00e2y tho\u00e1t hi\u1ec3m, ch\u1ecbu nhi\u1ec7t cao, d\u00e0i 20M ,k\u00e8m m\u00f3c"},"content":{"rendered":"<h2>Thang d\u00e2y tho\u00e1t hi\u1ec3m, ch\u1ecbu nhi\u1ec7t cao, d\u00e0i 20m, k\u00e8m m\u00f3c<\/h2>\n<h3>M\u00f4 t\u1ea3 chi ti\u1ebft thang d\u00e2y tho\u00e1t hi\u1ec3m<\/h3>\n<ul>\n<li>Thang d\u00e2y c\u1ee9u h\u1ecfa, thang d\u00e2y ch\u1eefa ch\u00e1y, thang d\u00e2y cu\u1ed1n, thang d\u00e2y PCCC, thang d\u00e2y c\u1ee9u h\u1ed9 20m \u0111\u1ec1u l\u00e0 c\u00e1c t\u00ean g\u1ecdi c\u1ee7a thang d\u00e2y d\u00f9ng \u0111\u1ec3 tho\u00e1t hi\u1ec3m. Thang c\u00f3 t\u00e1c d\u1ee5ng d\u00f9ng trong c\u1ee9u h\u1ed9 tai n\u1ea1n hay tho\u00e1t hi\u1ec3m.<\/li>\n<li>Hi\u1ec7n nay c\u00f3 r\u1ea5t nhi\u1ec1u lo\u1ea1i thang \u0111\u01b0\u1ee3c s\u1eed d\u1ee5ng r\u1ea5t ph\u1ed5 bi\u1ebfn hi\u1ec7n nay. Ch\u00fang \u0111\u01b0\u1ee3c thi\u1ebft k\u1ebf hi\u1ec7n \u0111\u1ea1i, c\u00f3 kh\u1ea3 n\u0103ng ch\u1ed1ng ch\u00e1y t\u1ed1t, tu\u1ed5i th\u1ecd l\u00e2u b\u1ec1n v\u00ec \u0111\u01b0\u1ee3c l\u00e0m ho\u00e0n to\u00e0n b\u1eb1ng ch\u1ea5t li\u1ec7u cao c\u1ea5p, n\u00ean ch\u00fang ch\u1ecbu l\u1ef1c v\u00e0 ch\u1ecbu nhi\u1ec7t t\u1ed1t.<\/li>\n<\/ul>\n<h3>C\u1ea5u t\u1ea1o c\u1ee7a thang d\u00e2y tho\u00e1t hi\u1ec3m<\/h3>\n<ul>\n<li>Thang d\u00e2y ch\u1eefa ch\u00e1y d\u00f9ng \u0111\u1ec3 tho\u00e1t hi\u1ec3m c\u00f3 c\u1ea5u t\u1ea1o t\u01b0\u01a1ng t\u1ef1 nh\u01b0 c\u00e1c lo\u1ea1i thang d\u00e2y th\u00f4ng th\u01b0\u1eddng kh\u00e1c. Tuy nhi\u00ean do t\u00ecnh \u0111\u1eb7c th\u00f9 n\u00ean trong c\u1ea5u t\u1ea1o c\u1ee7a thang c\u00f3 nh\u1eefng thi\u1ebft k\u1ebf \u0111\u1eb7c bi\u1ec7t v\u00e0 c\u1ea3i ti\u1ebfn h\u01a1n cho ph\u00f9 h\u1ee3p v\u1edbi m\u1ee5c \u0111\u00edch v\u00e0 nhu c\u1ea7u s\u1eed d\u1ee5ng c\u1ee7a con ng\u01b0\u1eddi. \u0110\u1eb7c bi\u1ec7t l\u00e0 khi kh\u00f4ng may c\u00f3 nh\u1eefng s\u1ef1 c\u1ed1 ch\u00e1y n\u1ed5, h\u1ecfa ho\u1ea1n x\u1ea3y ra trong c\u00e1c t\u00f2a chung c\u01b0, cao t\u1ea7ng.<\/li>\n<\/ul>\n<h3>Thang g\u1ed3m c\u00e1c b\u1ed9 ph\u1eadn c\u01a1 b\u1ea3n nh\u01b0 sau:<\/h3>\n<ul>\n<li>C\u1ea5u t\u1ea1o c\u1ee7a thang d\u00e2y tho\u00e1t hi\u1ec3m<\/li>\n<li>C\u00f3 2 m\u00f3c n\u1ed1i nh\u1eb1m gi\u00fap thang c\u1ed1 \u0111\u1ecbnh<\/li>\n<li>M\u00f3c t\u01b0\u1eddng v\u00e0 c\u00e1c b\u1eadc c\u1ee7a thang \u0111\u1ec1u \u0111\u01b0\u1ee3c l\u00e0m b\u1eb1ng kim lo\u1ea1i.<\/li>\n<li>Ch\u1ed1t s\u00e0n<\/li>\n<li>C\u00e1p \u0111\u1ec3 n\u1ed1i c\u00e1c b\u1eadc thang chuy\u00ean d\u1ee5ng<\/li>\n<li>Tay v\u1ecbn<\/li>\n<li>C\u00e1p ph\u1ee5<\/li>\n<li>T\u1ea5t c\u1ea3 c\u00e1c b\u1ed9 ph\u1eadn c\u1ee7a thang \u0111\u1ec1u \u0111\u01b0\u1ee3c l\u00e0 t\u1eeb nh\u1eefng ch\u1ea5t li\u1ec7u cao c\u1ea5p, ch\u00fang c\u00f3 kh\u1ea3 n\u0103ng ch\u1ed1ng ch\u00e1y v\u00e0 ch\u1ecbu nhi\u1ec7t r\u1ea5t t\u1ed1t.<\/li>\n<li>Thang c\u0169ng c\u00f3 r\u1ea5t nhi\u1ec1u lo\u1ea1i c\u00f3 nh\u1eefng k\u00edch th\u01b0\u1edbc v\u00e0 \u0111\u1ed9 d\u00e0i \u0111\u1ec3 \u0111\u00e1p \u1ee9ng \u0111\u01b0\u1ee3c t\u1eebng tr\u01b0\u1eddng h\u1ee3p c\u1ee5 th\u1ec3 c\u1ee7a kh\u00e1ch h\u00e0ng.<\/li>\n<\/ul>\n<p>&nbsp;<\/p>\n<h3>C\u00e1c t\u00ednh n\u0103ng n\u1ed5i b\u1eadt c\u1ee7a thang d\u00e2y tho\u00e1t hi\u1ec3m<\/h3>\n<ul>\n<li>X\u00e1ch tay d\u1ec5 d\u00e0ng<\/li>\n<li>C\u00e1c thanh b\u00e0n \u0111\u1ea1p b\u1eb1ng th\u00e9p kh\u00f4ng r\u1ec9 c\u01b0\u1eddng \u0111\u1ed9 cao<\/li>\n<li>D\u00e2y \u0111ai b\u1ea3n d\u1eb9t l\u00e0m b\u1eb1ng ch\u1ea5t li\u1ec7u polyester b\u1ec1n, ch\u1eafc ch\u1eafn<\/li>\n<li>Kho\u1ea3ng c\u00e1ch gi\u1eefa c\u00e1c b\u1eadc : 380 \u00b1 5mm, c\u00f3 th\u1ec3 \u0111i\u1ec1u ch\u1ec9nh<\/li>\n<li>Kho\u1ea3ng c\u00e1ch gi\u1eefa hai d\u00e2y : 330 \u00b1 5mm<\/li>\n<li>B\u00e1n thang d\u00e2y tho\u00e1t hi\u1ec3m, thang d\u00e2y ch\u1eefa ch\u00e1y, thang d\u00e2y cu\u1ed1n 20m<\/li>\n<li>C\u00e1c thanh b\u00e0n \u0111\u1ea1p ch\u00e2n l\u00e0m b\u1eb1ng \u1ed1ng h\u1ee3p kim th\u00e9p kh\u00f4ng r\u1ec9 (v\u00f2ng tr\u00f2n b\u00ean ngo\u00e0i v\u1edbi r\u00e3nh ch\u1ed1ng tr\u01b0\u1ee3t), \u0111\u1ec3 gi\u1ea3m tr\u1ecdng l\u01b0\u1ee3ng v\u00e0 t\u0103ng s\u1ee9c m\u1ea1nh c\u1ee7a chi\u1ebfc thang d\u00e2y.<\/li>\n<li>C\u00f3 th\u1ec3 cu\u1ed9ng tr\u00f2n gi\u00fap ti\u1ebft ki\u1ec7m kh\u00f4ng gian l\u01b0u tr\u1eef.<\/li>\n<li>M\u00f3c kh\u00f3a an to\u00e0n lo\u1ea1i l\u1edbn l\u00e0m b\u1eb1ng th\u00e9p kh\u00f4ng r\u1ec9 c\u00f3 th\u1ec3 th\u00e1o r\u1eddi ch\u1ec9nh khoen k\u1ebft n\u1ed1i, t\u0103ng c\u01b0\u1eddng ch\u1ee9c n\u0103ng c\u1ee7a thang<\/li>\n<li>C\u1ea3 hai b\u00ean thang \u0111\u1ec1u \u0111\u01b0\u1ee3c l\u00e0m b\u1eb1ng d\u00e2y \u0111ai b\u1ea3n d\u1eb9t r\u1ed9ng 50mm .<\/li>\n<li>\u0110\u00e3 bao g\u1ed3m 2 m\u00f3c l\u1edbn.<\/li>\n<li>Nh\u1eefng l\u01b0u \u00fd khi s\u1eed d\u1ee5ng thang d\u00e2y tho\u00e1t hi\u1ec3m<\/li>\n<li>L\u1ef1a ch\u1ecdn thang theo chi\u1ec1u r\u1ed9ng c\u1eeda s\u1ed5, \u0111i\u1ec1u ch\u1ec9nh, c\u1ed1 \u0111\u1ecbnh gi\u00e1 \u0111\u1ee1, \u0111\u1eb7t h\u1ed9p \u0111\u1ef1ng thang tho\u00e1t hi\u1ec3m b\u00ean c\u1ea1nh c\u00e1c b\u1ec7 c\u1eeda s\u1ed5..<\/li>\n<li>Ki\u1ec3m tra an to\u00e0n l\u1eafp \u0111\u1eb7t m\u00f3c kh\u00f3a v\u00e0o thang v\u00e0 gi\u00e1 \u0111\u1ee1 tr\u01b0\u1edbc khi th\u1ea3 thang xu\u1ed1ng.<\/li>\n<li>M\u1ed9t thanh b\u00e0n \u0111\u1ea1p ch\u1ecbu l\u1ef1c kh\u00f4ng \u0111\u01b0\u1ee3c v\u01b0\u1ee3t qu\u00e1 200 kg (bao g\u1ed3m c\u1ea3 con ng\u01b0\u1eddi v\u00e0 v\u1eadt d\u1ee5ng).<\/li>\n<li>Nghi\u00eam c\u1ea5m s\u1eed d\u1ee5ng trong m\u00f4i tr\u01b0\u1eddng ch\u00e1y.<\/li>\n<\/ul>","protected":false},"excerpt":{"rendered":"<ul>\n<li>X\u00e1ch tay d\u1ec5 d\u00e0ng<\/li>\n<li>C\u00e1c thanh b\u00e0n \u0111\u1ea1p b\u1eb1ng th\u00e9p kh\u00f4ng r\u1ec9 c\u01b0\u1eddng \u0111\u1ed9 cao<\/li>\n<li>D\u00e2y \u0111ai b\u1ea3n d\u1eb9t l\u00e0m b\u1eb1ng ch\u1ea5t li\u1ec7u polyester b\u1ec1n, ch\u1eafc ch\u1eafn<\/li>\n<li>Kho\u1ea3ng c\u00e1ch gi\u1eefa c\u00e1c b\u1eadc : 380 \u00b1 5mm, c\u00f3 th\u1ec3 \u0111i\u1ec1u ch\u1ec9nh<\/li>\n<li>Kho\u1ea3ng c\u00e1ch gi\u1eefa hai d\u00e2y : 330 \u00b1 5mm<\/li>\n<\/ul>","protected":false},"featured_media":888,"comment_status":"open","ping_status":"closed","template":"","meta":[],"product_brand":[],"product_cat":[107,79],"product_tag":[],"class_list":{"0":"post-886","1":"product","2":"type-product","3":"status-publish","4":"has-post-thumbnail","6":"product_cat-day-thoat-hiem","7":"product_cat-phu-kien-pccc","9":"first","10":"instock","11":"shipping-taxable","12":"product-type-simple"},"_links":{"self":[{"href":"https:\/\/vstg.vn\/vi\/wp-json\/wp\/v2\/product\/886","targetHints":{"allow":["GET"]}}],"collection":[{"href":"https:\/\/vstg.vn\/vi\/wp-json\/wp\/v2\/product"}],"about":[{"href":"https:\/\/vstg.vn\/vi\/wp-json\/wp\/v2\/types\/product"}],"replies":[{"embeddable":true,"href":"https:\/\/vstg.vn\/vi\/wp-json\/wp\/v2\/comments?post=886"}],"wp:featuredmedia":[{"embeddable":true,"href":"https:\/\/vstg.vn\/vi\/wp-json\/wp\/v2\/media\/888"}],"wp:attachment":[{"href":"https:\/\/vstg.vn\/vi\/wp-json\/wp\/v2\/media?parent=886"}],"wp:term":[{"taxonomy":"product_brand","embeddable":true,"href":"https:\/\/vstg.vn\/vi\/wp-json\/wp\/v2\/product_brand?post=886"},{"taxonomy":"product_cat","embeddable":true,"href":"https:\/\/vstg.vn\/vi\/wp-json\/wp\/v2\/product_cat?post=886"},{"taxonomy":"product_tag","embeddable":true,"href":"https:\/\/vstg.vn\/vi\/wp-json\/wp\/v2\/product_tag?post=886"}],"curies":[{"name":"wp","href":"https:\/\/api.w.org\/{rel}","templated":true}]}}