{"id":893,"date":"2025-10-15T06:41:14","date_gmt":"2025-10-15T06:41:14","guid":{"rendered":"https:\/\/vstg.vn\/?post_type=product&#038;p=893"},"modified":"2025-10-15T06:41:14","modified_gmt":"2025-10-15T06:41:14","slug":"tui-so-cuu-y-te-loai-a","status":"publish","type":"product","link":"https:\/\/vstg.vn\/vi\/san-pham\/tui-so-cuu-y-te-loai-a\/","title":{"rendered":"T\u00fai s\u01a1 c\u1ee9u y t\u1ebf lo\u1ea1i A"},"content":{"rendered":"<h2>T\u00fai s\u01a1 c\u1ee9u y t\u1ebf lo\u1ea1i A<\/h2>\n<p><strong>QUY \u0110\u1ecaNH V\u1ec0 T\u00daI S\u01a0 C\u1ee8U T\u1ea0I N\u01a0I L\u00c0M VI\u1ec6C<\/strong><br \/>\n<em>(Ban h\u00e0nh k\u00e8m theo Th\u00f4ng t\u01b0 s\u1ed1 19\/2016\/TT-BYT ng\u00e0y 30 th\u00e1ng 6 n\u0103m 2016 c\u1ee7a B\u1ed9 tr\u01b0\u1edfng B\u1ed9 Y t\u1ebf)<\/em><\/p>\n<p><strong>1.\u00a0Quy \u0111\u1ecbnh s\u1ed1 l\u01b0\u1ee3ng t\u00fai \u0111\u1ed1i v\u1edbi khu v\u1ef1c l\u00e0m vi\u1ec7c<\/strong><\/p>\n<table border=\"1\" cellspacing=\"0\" cellpadding=\"0\">\n<tbody>\n<tr>\n<td><strong>TT<\/strong><\/td>\n<td><strong>Quy m\u00f4 khu v\u1ef1c l\u00e0m vi\u1ec7c<\/strong><\/td>\n<td><strong>S\u1ed1 l\u01b0\u1ee3ng v\u00e0 lo\u1ea1i t\u00fai<\/strong><\/td>\n<\/tr>\n<tr>\n<td>1<\/td>\n<td>\u2264 25 ng\u01b0\u1eddi lao \u0111\u1ed9ng<\/td>\n<td>C\u00f3 \u00edt nh\u1ea5t 01 t\u00fai s\u01a1 c\u1ee9u lo\u1ea1i A<\/td>\n<\/tr>\n<tr>\n<td>2<\/td>\n<td>T\u1eeb 26 \u2013 50 ng\u01b0\u1eddi lao \u0111\u1ed9ng<\/td>\n<td>C\u00f3 \u00edt nh\u1ea5t 01 t\u00fai s\u01a1 c\u1ee9u lo\u1ea1i B<\/td>\n<\/tr>\n<tr>\n<td>3<\/td>\n<td>T\u1eeb 51\u00a0\u2013\u00a0150 ng\u01b0\u1eddi lao \u0111\u1ed9ng<\/td>\n<td>C\u00f3 \u00edt nh\u1ea5t 01 t\u00fai s\u01a1 c\u1ee9u lo\u1ea1i\u00a0C<\/td>\n<\/tr>\n<\/tbody>\n<\/table>\n<p><strong><u><em>* Ghi ch\u00fa:<\/em>\u00a0<\/u><\/strong><em>01 t\u00fai B t\u01b0\u01a1ng d\u01b0\u01a1ng v\u1edbi 02 t\u00fai A v\u00e0 01 t\u00fai\u00a0C\u00a0t\u01b0\u01a1ng \u0111\u01b0\u01a1ng v\u1edbi 02 t\u00fai B.<\/em><\/p>\n<p><strong>1.\u00a0<\/strong><strong>Quy \u0111\u1ecbnh n\u1ed9i dung trang b\u1ecb cho 01 t\u00fai<\/strong><\/p>\n<table border=\"1\" cellspacing=\"0\" cellpadding=\"0\">\n<tbody>\n<tr>\n<td><strong>STT<\/strong><\/td>\n<td><strong>Y\u00eau c\u1ea7u trang b\u1ecb\u00a0t\u1ed1i thi\u1ec3u<\/strong><\/td>\n<td><strong>T\u00fai A<\/strong><\/td>\n<\/tr>\n<tr>\n<td>1<\/td>\n<td>B\u0103ng d\u00ednh (cu\u1ed9n)<\/td>\n<td>02<\/td>\n<\/tr>\n<tr>\n<td>2<\/td>\n<td>B\u0103ng k\u00edch th\u01b0\u1edbc 5 x 200 cm (cu\u1ed9n)<\/td>\n<td>02<\/td>\n<\/tr>\n<tr>\n<td>3<\/td>\n<td>B\u0103ng k\u00edch th\u01b0\u1edbc 10 x 200 cm (cu\u1ed9n)<\/td>\n<td>02<\/td>\n<\/tr>\n<tr>\n<td>4<\/td>\n<td>B\u0103ng k\u00edch th\u01b0\u1edbc 15 x 200 cm (cu\u1ed9n)<\/td>\n<td>01<\/td>\n<\/tr>\n<tr>\n<td>5<\/td>\n<td>B\u0103ng tam gi\u00e1c (c\u00e1i)<\/td>\n<td>04<\/td>\n<\/tr>\n<tr>\n<td>6<\/td>\n<td>B\u0103ng chun<\/td>\n<td>04<\/td>\n<\/tr>\n<tr>\n<td>7<\/td>\n<td>G\u1ea1c\u00a0th\u1ea5m\u00a0n\u01b0\u1edbc (10 mi\u1ebfng\/g\u00f3i)<\/td>\n<td>01<\/td>\n<\/tr>\n<tr>\n<td>8<\/td>\n<td>B\u00f4ng h\u00fat\u00a0n\u01b0\u1edbc\u00a0(g\u00f3i)<\/td>\n<td>05<\/td>\n<\/tr>\n<tr>\n<td>9<\/td>\n<td>Garo cao su c\u1ee1 6 x 100 cm (c\u00e1i)<\/td>\n<td>02<\/td>\n<\/tr>\n<tr>\n<td>10<\/td>\n<td>Garo cao su c\u1ee1 4 x 100 cm (c\u00e1i)<\/td>\n<td>02<\/td>\n<\/tr>\n<tr>\n<td>11<\/td>\n<td>K\u00e9o\u00a0c\u1eaft b\u0103ng<\/td>\n<td>01<\/td>\n<\/tr>\n<tr>\n<td>12<\/td>\n<td>Panh kh\u00f4ng m\u1ea5u\u00a0th\u1eb3ng\u00a0k\u00edch th\u01b0\u1edbc 16 \u2013 18 cm<\/td>\n<td>02<\/td>\n<\/tr>\n<tr>\n<td>13<\/td>\n<td>Panh kh\u00f4ng\u00a0m\u1ea5u\u00a0cong k\u00edch th\u01b0\u1edbc 16- 18 cm<\/td>\n<td>02<\/td>\n<\/tr>\n<tr>\n<td>14<\/td>\n<td>G\u0103ng tay kh\u00e1m b\u1ec7nh (\u0111\u00f4i)<\/td>\n<td>05<\/td>\n<\/tr>\n<tr>\n<td>15<\/td>\n<td>M\u1eb7t n\u1ea1 ph\u00f2ng \u0111\u1ed9c th\u00edch h\u1ee3p<\/td>\n<td>01<\/td>\n<\/tr>\n<tr>\n<td>16<\/td>\n<td>N\u01b0\u1edbc\u00a0mu\u1ed1i\u00a0sinh l\u00fd NaCl 9\u00a0\u2030\u00a0(l\u1ecd 500ml)<\/td>\n<td>01<\/td>\n<\/tr>\n<tr>\n<td>17<\/td>\n<td>Dung d\u1ecbch s\u00e1t tr\u00f9ng (l\u1ecd):<\/td>\n<td><\/td>\n<\/tr>\n<tr>\n<td><\/td>\n<td>\u2013 C\u1ed3n 70\u00b0<\/td>\n<td>01<\/td>\n<\/tr>\n<tr>\n<td><\/td>\n<td>\u2013 Dung d\u1ecbch Betadine<\/td>\n<td>01<\/td>\n<\/tr>\n<tr>\n<td>18<\/td>\n<td>Kim b\u0103ng an to\u00e0n (c\u00e1c c\u1ee1)<\/td>\n<td>10<\/td>\n<\/tr>\n<tr>\n<td>19<\/td>\n<td>T\u1ea5m l\u00f3t nilon kh\u00f4ng th\u1ea5m n\u01b0\u1edbc<\/td>\n<td>02<\/td>\n<\/tr>\n<tr>\n<td>20<\/td>\n<td>Ph\u00e1c \u0111\u1ed3\u00a0s\u01a1 c\u1ee9u<\/td>\n<td>01<\/td>\n<\/tr>\n<tr>\n<td>21<\/td>\n<td>K\u00ednh b\u1ea3o v\u1ec7 m\u1eaft<\/td>\n<td>02<\/td>\n<\/tr>\n<tr>\n<td>22<\/td>\n<td>Phi\u1ebfu ghi danh m\u1ee5c trang\u00a0thi\u1ebft\u00a0b\u1ecb c\u00f3 trong t\u00fai<\/td>\n<td>01<\/td>\n<\/tr>\n<tr>\n<td>23<\/td>\n<td>N\u1eb9p c\u1ed5\u00a0(c\u00e1i)<\/td>\n<td>01<\/td>\n<\/tr>\n<tr>\n<td>24<\/td>\n<td>N\u1eb9p c\u00e1nh tay (b\u1ed9)<\/td>\n<td>01<\/td>\n<\/tr>\n<tr>\n<td>25<\/td>\n<td>N\u1eb9p c\u1eb3ng tay (b\u1ed9)<\/td>\n<td>01<\/td>\n<\/tr>\n<tr>\n<td>26<\/td>\n<td>N\u1eb9p \u0111\u00f9i (b\u1ed9)<\/td>\n<td>01<\/td>\n<\/tr>\n<tr>\n<td>27<\/td>\n<td>N\u1eb9p c\u1eb3ng ch\u00e2n (b\u1ed9)<\/td>\n<td>01<\/td>\n<\/tr>\n<\/tbody>\n<\/table>\n<p><em><strong>(*) Ghi ch\u00fa:<\/strong>\u00a0T\u1eeb m\u1ee5c 24 \u2013 27: c\u1ea5t gi\u1eef b\u1ea3o qu\u1ea3n c\u00f9ng v\u1ecb tr\u00ed v\u1edbi n\u01a1i \u0111\u1ec3 t\u00fai s\u01a1 c\u1ee9u.<\/em><\/p>","protected":false},"excerpt":{"rendered":"<ul>\n<li>25 ng\u01b0\u1eddi lao \u0111\u1ed9ng C\u00f3 \u00edt nh\u1ea5t 01 t\u00fai s\u01a1 c\u1ee9u lo\u1ea1i A<\/li>\n<li>T\u1eeb 26 \u2013 50 ng\u01b0\u1eddi lao \u0111\u1ed9ng C\u00f3 \u00edt nh\u1ea5t 01 t\u00fai s\u01a1 c\u1ee9u lo\u1ea1i B<\/li>\n<li>T\u1eeb 51 \u2013 150 ng\u01b0\u1eddi lao \u0111\u1ed9ng C\u00f3 \u00edt nh\u1ea5t 01 t\u00fai s\u01a1 c\u1ee9u lo\u1ea1i C<\/li>\n<\/ul>","protected":false},"featured_media":894,"comment_status":"open","ping_status":"closed","template":"","meta":[],"product_brand":[],"product_cat":[79,109],"product_tag":[],"class_list":{"0":"post-893","1":"product","2":"type-product","3":"status-publish","4":"has-post-thumbnail","6":"product_cat-phu-kien-pccc","7":"product_cat-tui-y-te","9":"first","10":"instock","11":"shipping-taxable","12":"product-type-simple"},"_links":{"self":[{"href":"https:\/\/vstg.vn\/vi\/wp-json\/wp\/v2\/product\/893","targetHints":{"allow":["GET"]}}],"collection":[{"href":"https:\/\/vstg.vn\/vi\/wp-json\/wp\/v2\/product"}],"about":[{"href":"https:\/\/vstg.vn\/vi\/wp-json\/wp\/v2\/types\/product"}],"replies":[{"embeddable":true,"href":"https:\/\/vstg.vn\/vi\/wp-json\/wp\/v2\/comments?post=893"}],"wp:featuredmedia":[{"embeddable":true,"href":"https:\/\/vstg.vn\/vi\/wp-json\/wp\/v2\/media\/894"}],"wp:attachment":[{"href":"https:\/\/vstg.vn\/vi\/wp-json\/wp\/v2\/media?parent=893"}],"wp:term":[{"taxonomy":"product_brand","embeddable":true,"href":"https:\/\/vstg.vn\/vi\/wp-json\/wp\/v2\/product_brand?post=893"},{"taxonomy":"product_cat","embeddable":true,"href":"https:\/\/vstg.vn\/vi\/wp-json\/wp\/v2\/product_cat?post=893"},{"taxonomy":"product_tag","embeddable":true,"href":"https:\/\/vstg.vn\/vi\/wp-json\/wp\/v2\/product_tag?post=893"}],"curies":[{"name":"wp","href":"https:\/\/api.w.org\/{rel}","templated":true}]}}