{"id":897,"date":"2025-10-15T06:44:34","date_gmt":"2025-10-15T06:44:34","guid":{"rendered":"https:\/\/vstg.vn\/?post_type=product&#038;p=897"},"modified":"2025-10-15T06:44:34","modified_gmt":"2025-10-15T06:44:34","slug":"dau-phun-len-xuong-bang-dong","status":"publish","type":"product","link":"https:\/\/vstg.vn\/vi\/san-pham\/dau-phun-len-xuong-bang-dong\/","title":{"rendered":"\u0110\u1ea7u phun L\u00caN\/XU\u1ed0NG b\u1eb1ng \u0111\u1ed3ng"},"content":{"rendered":"<h2>\u0110\u1ea7u phun L\u00caN\/XU\u1ed0NG b\u1eb1ng \u0111\u1ed3ng<\/h2>\n<ul>\n<li><strong>Sprinkler<\/strong>\u00a0l\u00e0 \u0111\u1ea7u phun n\u01b0\u1edbc ch\u1eefa ch\u00e1y trong h\u1ec7 th\u1ed1ng ch\u1eefa ch\u00e1y n\u01b0\u1edbc t\u1ef1 \u0111\u1ed9ng.<\/li>\n<li>\u0110\u1ea7u phun sprinkler \u0111\u01b0\u1ee3c k\u00edch ho\u1ea1t khi nhi\u1ec7t \u0111\u1ed9 c\u1ee7a \u0111\u00e1m ch\u00e1y \u0111\u1ea1t ng\u01b0\u1ee1ng k\u00edch ho\u1ea1t ch\u1eefa ch\u00e1y c\u1ee7a b\u1ed9 c\u1ea3m bi\u1ebfn nhi\u1ec7t tr\u00ean \u0111\u1ea7u phun.<\/li>\n<li>\u0110\u1ea7u phun sprinkler th\u1ef1c hi\u1ec7n \u0111\u1ed3ng th\u1eddi hai ch\u1ee9c n\u0103ng v\u1eeba l\u00e0 c\u1ea3m bi\u1ebfn nhi\u1ec7t, v\u1eeba l\u00e0 v\u00f2i phun n\u01b0\u1edbc.<\/li>\n<li>\u0110\u1ea7u phun sprinkler \u0111\u01b0\u1ee3c ph\u00e2n b\u1ed1 theo tuy\u1ebfn \u1ed1ng v\u00e0 s\u1ed1 l\u01b0\u1ee3ng \u0111\u01b0\u1ee3c quy \u0111\u1ecbnh tr\u00ean m\u1ed9t di\u1ec7n t\u00edch thi\u1ebft k\u1ebf.<\/li>\n<li>D\u1ef1a tr\u00ean h\u01b0\u1edbng d\u1eabn c\u1ee7a NFPA, m\u1ed9t t\u00f2a nh\u00e0 \u0111\u01b0\u1ee3c trang b\u1ecb h\u1ec7 th\u1ed1ng ch\u1eefa ch\u00e1y t\u1ef1 \u0111\u1ed9ng sprinkler s\u1ebd gi\u1ea3m thi\u1ec3u thi\u1ec7t h\u1ea1i v\u1ec1 ng\u01b0\u1eddi v\u00e0 t\u00e0i s\u1ea3n khi c\u00f3 h\u1ecfa ho\u1ea1n v\u00ec kh\u1ea3 n\u0103ng k\u00edch ho\u1ea1t ch\u1eefa ch\u00e1y nhanh ch\u00f3ng c\u1ee7a n\u00f3 gi\u00fap ki\u1ec3m so\u00e1t \u0111\u00e1m ch\u00e1y d\u1ec5 d\u00e0ng v\u00e0 hi\u1ec7u qu\u1ea3.<\/li>\n<li>S\u1ed1 ng\u01b0\u1eddi thi\u1ec7t m\u1ea1ng nhi\u1ec1u nh\u1ea5t khi c\u00f3 ch\u00e1y x\u1ea3y ra l\u00e0 do kh\u00f3i g\u00e2y ng\u1ea1t, \u0111\u00e1m kh\u00f3i s\u1ebd lan r\u1ed9ng r\u1ea5t nhanh trong t\u00f2a nh\u00e0.<\/li>\n<li>H\u1ec7 th\u1ed1ng ch\u1eefa ch\u00e1y t\u1ef1 \u0111\u1ed9ng sprinkler gi\u1ea3m thi\u1ec3u \u0111\u00e1ng k\u1ec3 kh\u00f3i sinh ra t\u1eeb \u0111\u00e1m ch\u00e1y, gi\u00fap c\u01b0 d\u00e2n c\u00f3 th\u1eddi gian tho\u00e1t ra \u0111\u1ebfn n\u01a1i an to\u00e0n.<\/li>\n<\/ul>","protected":false},"excerpt":{"rendered":"<ul>\n<li><strong>Sprinkler<\/strong>\u00a0l\u00e0 \u0111\u1ea7u phun n\u01b0\u1edbc ch\u1eefa ch\u00e1y trong h\u1ec7 th\u1ed1ng ch\u1eefa ch\u00e1y n\u01b0\u1edbc t\u1ef1 \u0111\u1ed9ng.<\/li>\n<li>\u0110\u1ea7u phun sprinkler \u0111\u01b0\u1ee3c k\u00edch ho\u1ea1t khi nhi\u1ec7t \u0111\u1ed9 c\u1ee7a \u0111\u00e1m ch\u00e1y \u0111\u1ea1t ng\u01b0\u1ee1ng k\u00edch ho\u1ea1t ch\u1eefa ch\u00e1y c\u1ee7a b\u1ed9 c\u1ea3m bi\u1ebfn nhi\u1ec7t tr\u00ean \u0111\u1ea7u phun.<\/li>\n<li>\u0110\u1ea7u phun sprinkler th\u1ef1c hi\u1ec7n \u0111\u1ed3ng th\u1eddi hai ch\u1ee9c n\u0103ng v\u1eeba l\u00e0 c\u1ea3m bi\u1ebfn nhi\u1ec7t, v\u1eeba l\u00e0 v\u00f2i phun n\u01b0\u1edbc.<\/li>\n<li>\u0110\u1ea7u phun sprinkler \u0111\u01b0\u1ee3c ph\u00e2n b\u1ed1 theo tuy\u1ebfn \u1ed1ng v\u00e0 s\u1ed1 l\u01b0\u1ee3ng \u0111\u01b0\u1ee3c quy \u0111\u1ecbnh tr\u00ean m\u1ed9t di\u1ec7n t\u00edch thi\u1ebft k\u1ebf.<\/li>\n<\/ul>","protected":false},"featured_media":898,"comment_status":"open","ping_status":"closed","template":"","meta":[],"product_brand":[],"product_cat":[81],"product_tag":[],"class_list":{"0":"post-897","1":"product","2":"type-product","3":"status-publish","4":"has-post-thumbnail","6":"product_cat-dau-phun-nap-chup","8":"first","9":"instock","10":"shipping-taxable","11":"product-type-simple"},"_links":{"self":[{"href":"https:\/\/vstg.vn\/vi\/wp-json\/wp\/v2\/product\/897","targetHints":{"allow":["GET"]}}],"collection":[{"href":"https:\/\/vstg.vn\/vi\/wp-json\/wp\/v2\/product"}],"about":[{"href":"https:\/\/vstg.vn\/vi\/wp-json\/wp\/v2\/types\/product"}],"replies":[{"embeddable":true,"href":"https:\/\/vstg.vn\/vi\/wp-json\/wp\/v2\/comments?post=897"}],"wp:featuredmedia":[{"embeddable":true,"href":"https:\/\/vstg.vn\/vi\/wp-json\/wp\/v2\/media\/898"}],"wp:attachment":[{"href":"https:\/\/vstg.vn\/vi\/wp-json\/wp\/v2\/media?parent=897"}],"wp:term":[{"taxonomy":"product_brand","embeddable":true,"href":"https:\/\/vstg.vn\/vi\/wp-json\/wp\/v2\/product_brand?post=897"},{"taxonomy":"product_cat","embeddable":true,"href":"https:\/\/vstg.vn\/vi\/wp-json\/wp\/v2\/product_cat?post=897"},{"taxonomy":"product_tag","embeddable":true,"href":"https:\/\/vstg.vn\/vi\/wp-json\/wp\/v2\/product_tag?post=897"}],"curies":[{"name":"wp","href":"https:\/\/api.w.org\/{rel}","templated":true}]}}