{"id":912,"date":"2025-10-15T06:51:33","date_gmt":"2025-10-15T06:51:33","guid":{"rendered":"https:\/\/vstg.vn\/?post_type=product&#038;p=912"},"modified":"2025-10-15T06:51:33","modified_gmt":"2025-10-15T06:51:33","slug":"voi-chua-chay-d50-13bar-20m-co-khop-noi","status":"publish","type":"product","link":"https:\/\/vstg.vn\/vi\/san-pham\/voi-chua-chay-d50-13bar-20m-co-khop-noi\/","title":{"rendered":"V\u00f2i ch\u1eefa ch\u00e1y D50-13bar-20m ( c\u00f3 kh\u1edbp n\u1ed1i )"},"content":{"rendered":"<h2><strong>V\u00f2i ch\u1eefa ch\u00e1y D50 13BAR 20M<\/strong><\/h2>\n<p><strong>V\u00f2i ch\u1eefa ch\u00e1y<\/strong>\u00a0l\u00e0 m\u1ed9t trong s\u1ed1 nh\u1eefng s\u1ea3n ph\u1ea9m kh\u00f4ng th\u1ec3 thi\u1ebfu trong thi\u1ebft b\u1ecb ph\u00f2ng ch\u00e1y ch\u1eefa ch\u00e1y.V\u1edbi ch\u1ea5t li\u1ec7u l\u00e0m t\u1eeb PVC c\u00f3 \u0111\u1ed9 b\u1ec1n cao, ph\u00f9 h\u1ee3p s\u1eed d\u1ee5ng d\u1eadp t\u1eaft \u0111\u00e1m ch\u00e1y b\u1eb1ng n\u01b0\u01a1c. V\u1edbi chi\u1ec1u d\u00e0i 30m c\u00f3 th\u1ec3 d\u1ec5 d\u00e0ng d\u1eadp t\u1eaft c\u00e1c \u0111\u00e1m ch\u00e1y k\u1ec3 c\u1ea3 \u1edf trung c\u01b0 hay nh\u00e0 x\u01b0\u1edfng,nh\u00e0 kho\u2026.<\/p>\n<h3>\u0110\u1eb7c \u0111i\u1ec3m n\u1ed5i b\u1eadt<\/h3>\n<ul>\n<li>C\u1ea5u t\u1ea1o cu\u1ed9n v\u00f2i ch\u1eefa ch\u00e1y\u00a0v\u1edbi cu\u1ed9n v\u00f2i ch\u1eefa ch\u00e1y D50-13 Bar- 20m \u0111\u01b0\u1ee3c c\u1ea5u t\u1ea1o b\u1edfi 2 ph\u1ea7n ch\u00ednh<\/li>\n<li>L\u1edbp s\u1ee3i Polyester t\u1ed5ng h\u1ee3p bao b\u1ecdc b\u00ean ngo\u00e0i,b\u00ean trong l\u00e0 l\u1edbp cap su t\u1ed5ng h\u1ee3p tr\u00e1ng b\u00ean trong<\/li>\n<li>H\u00ecnh d\u1ea1ng \u1ed1ng tr\u1ee5 d\u00e0i, \u0111\u01b0\u1eddng k\u00ednh \u1ed1ng D50<\/li>\n<li>T\u00f9y t\u1eebng lo\u1ea1i v\u1eadt li\u1ec7u m\u00e0 ch\u1ea5t l\u01b0\u1ee3ng cu\u1ed9n\u00a0v\u00f2i ch\u1eefa ch\u00e1y\u00a0kh\u00e1ch nhau.\u0111\u1ed9 b\u1ec1n cao,kh\u1ea3 n\u0103ng ch\u1ecbu \u00e1p xu\u1ea5t c\u0169ng kh\u00e1c nhau<\/li>\n<li>Hai \u0111\u1ea7u cu\u1ed9n v\u00f2i g\u1eafn k\u00e8m kh\u1edbp n\u1ed1i v\u1eadt li\u1ec7u d\u1ec5 d\u00e0ng ti\u1ec7n l\u1ee3i khi l\u1eafp n\u1ed1i \u0111\u1ec3 s\u1eed d\u1ee5ng<\/li>\n<\/ul>\n<h3>Th\u00f4ng s\u1ed1 k\u1ef9 thu\u1eadt<\/h3>\n<ul>\n<li>Chi\u1ec1u d\u00e0i : 20m<\/li>\n<li>\u00a0Ch\u1ea5t li\u1ec7u: S\u1ee3i Polyester t\u1ed5ng h\u1ee3p, cao su<\/li>\n<li>\u00a0\u00c1p xu\u1ea5t l\u00e0m vi\u1ec7c 13 Pa (Bar)<\/li>\n<li>\u00a0\u0110\u01b0\u1eddng k\u00ednh \u0111\u1ecbnh danh: DN50<\/li>\n<li>M\u00e3 s\u1ea3n ph\u1ea9m : PVC D50-13 BAR-20M<\/li>\n<\/ul>","protected":false},"excerpt":{"rendered":"<ul>\n<li>Chi\u1ec1u d\u00e0i : 20m<\/li>\n<li>\u00a0Ch\u1ea5t li\u1ec7u: S\u1ee3i Polyester t\u1ed5ng h\u1ee3p, cao su<\/li>\n<li>\u00a0\u00c1p xu\u1ea5t l\u00e0m vi\u1ec7c 13 Pa (Bar)<\/li>\n<li>\u00a0\u0110\u01b0\u1eddng k\u00ednh \u0111\u1ecbnh danh: DN50<\/li>\n<li>M\u00e3 s\u1ea3n ph\u1ea9m : PVC D50-13 BAR-20M<\/li>\n<\/ul>","protected":false},"featured_media":913,"comment_status":"open","ping_status":"closed","template":"","meta":[],"product_brand":[],"product_cat":[75,93],"product_tag":[],"class_list":{"0":"post-912","1":"product","2":"type-product","3":"status-publish","4":"has-post-thumbnail","6":"product_cat-voi-chua-chay","7":"product_cat-voi-chua-chay-trung-quoc","9":"first","10":"instock","11":"shipping-taxable","12":"product-type-simple"},"_links":{"self":[{"href":"https:\/\/vstg.vn\/vi\/wp-json\/wp\/v2\/product\/912","targetHints":{"allow":["GET"]}}],"collection":[{"href":"https:\/\/vstg.vn\/vi\/wp-json\/wp\/v2\/product"}],"about":[{"href":"https:\/\/vstg.vn\/vi\/wp-json\/wp\/v2\/types\/product"}],"replies":[{"embeddable":true,"href":"https:\/\/vstg.vn\/vi\/wp-json\/wp\/v2\/comments?post=912"}],"wp:featuredmedia":[{"embeddable":true,"href":"https:\/\/vstg.vn\/vi\/wp-json\/wp\/v2\/media\/913"}],"wp:attachment":[{"href":"https:\/\/vstg.vn\/vi\/wp-json\/wp\/v2\/media?parent=912"}],"wp:term":[{"taxonomy":"product_brand","embeddable":true,"href":"https:\/\/vstg.vn\/vi\/wp-json\/wp\/v2\/product_brand?post=912"},{"taxonomy":"product_cat","embeddable":true,"href":"https:\/\/vstg.vn\/vi\/wp-json\/wp\/v2\/product_cat?post=912"},{"taxonomy":"product_tag","embeddable":true,"href":"https:\/\/vstg.vn\/vi\/wp-json\/wp\/v2\/product_tag?post=912"}],"curies":[{"name":"wp","href":"https:\/\/api.w.org\/{rel}","templated":true}]}}